{"id":911,"date":"2024-09-10T07:17:44","date_gmt":"2024-09-10T02:17:44","guid":{"rendered":"https:\/\/colombianimals.org\/?page_id=911"},"modified":"2024-09-10T07:46:33","modified_gmt":"2024-09-10T02:46:33","slug":"donaciones-colombia","status":"publish","type":"page","link":"https:\/\/colombianimals.org\/es\/donaciones-colombia\/","title":{"rendered":"Donaciones Colombia"},"content":{"rendered":"<div data-elementor-type=\"wp-page\" data-elementor-id=\"911\" class=\"elementor elementor-911\" data-elementor-post-type=\"page\">\n\t\t\t\t\t\t<section class=\"elementor-section elementor-top-section elementor-element elementor-element-7ace287 elementor-section-full_width elementor-section-stretched elementor-section-height-default elementor-section-height-default\" data-id=\"7ace287\" data-element_type=\"section\" data-settings=\"{&quot;stretch_section&quot;:&quot;section-stretched&quot;,&quot;animation&quot;:&quot;none&quot;}\">\n\t\t\t\t\t\t<div class=\"elementor-container elementor-column-gap-default\">\n\t\t\t\t\t<div class=\"elementor-column elementor-col-100 elementor-top-column elementor-element elementor-element-52df46c\" data-id=\"52df46c\" data-element_type=\"column\">\n\t\t\t<div class=\"elementor-widget-wrap elementor-element-populated\">\n\t\t\t\t\t\t<div class=\"elementor-element elementor-element-bc38eb1 elementor-widget elementor-widget-image\" data-id=\"bc38eb1\" data-element_type=\"widget\" data-widget_type=\"image.default\">\n\t\t\t\t<div class=\"elementor-widget-container\">\n\t\t\t\t\t\t\t\t\t\t\t\t\t\t\t<img fetchpriority=\"high\" decoding=\"async\" width=\"1441\" height=\"676\" src=\"https:\/\/colombianimals.org\/wp-content\/uploads\/2024\/08\/Colombianimals-Portada-Donate.webp\" class=\"attachment-full size-full wp-image-839\" alt=\"\" srcset=\"https:\/\/colombianimals.org\/wp-content\/uploads\/2024\/08\/Colombianimals-Portada-Donate.webp 1441w, https:\/\/colombianimals.org\/wp-content\/uploads\/2024\/08\/Colombianimals-Portada-Donate-300x141.webp 300w, https:\/\/colombianimals.org\/wp-content\/uploads\/2024\/08\/Colombianimals-Portada-Donate-1024x480.webp 1024w, https:\/\/colombianimals.org\/wp-content\/uploads\/2024\/08\/Colombianimals-Portada-Donate-768x360.webp 768w, https:\/\/colombianimals.org\/wp-content\/uploads\/2024\/08\/Colombianimals-Portada-Donate-18x8.webp 18w\" sizes=\"(max-width: 1441px) 100vw, 1441px\" \/>\t\t\t\t\t\t\t\t\t\t\t\t\t\t\t<\/div>\n\t\t\t\t<\/div>\n\t\t\t\t<div class=\"elementor-element elementor-element-82c27ab elementor-absolute elementor-invisible elementor-widget elementor-widget-heading\" data-id=\"82c27ab\" data-element_type=\"widget\" data-settings=\"{&quot;_position&quot;:&quot;absolute&quot;,&quot;_animation&quot;:&quot;fadeInUp&quot;}\" data-widget_type=\"heading.default\">\n\t\t\t\t<div class=\"elementor-widget-container\">\n\t\t\t\t\t<h1 class=\"elementor-heading-title elementor-size-xxl\">C\u00f3mo donar<br>en Colombia<\/h1>\t\t\t\t<\/div>\n\t\t\t\t<\/div>\n\t\t\t\t\t<\/div>\n\t\t<\/div>\n\t\t\t\t\t<\/div>\n\t\t<\/section>\n\t\t\t\t<section class=\"elementor-section elementor-top-section elementor-element elementor-element-accf79c elementor-section-full_width elementor-section-height-default elementor-section-height-default\" data-id=\"accf79c\" data-element_type=\"section\" data-settings=\"{&quot;background_background&quot;:&quot;classic&quot;}\">\n\t\t\t\t\t\t<div class=\"elementor-container elementor-column-gap-default\">\n\t\t\t\t\t<div class=\"elementor-column elementor-col-100 elementor-top-column elementor-element elementor-element-eded231\" data-id=\"eded231\" data-element_type=\"column\">\n\t\t\t<div class=\"elementor-widget-wrap elementor-element-populated\">\n\t\t\t\t\t\t<div class=\"elementor-element elementor-element-97838da elementor-widget elementor-widget-spacer\" data-id=\"97838da\" data-element_type=\"widget\" data-widget_type=\"spacer.default\">\n\t\t\t\t<div class=\"elementor-widget-container\">\n\t\t\t\t\t\t\t<div class=\"elementor-spacer\">\n\t\t\t<div class=\"elementor-spacer-inner\"><\/div>\n\t\t<\/div>\n\t\t\t\t\t\t<\/div>\n\t\t\t\t<\/div>\n\t\t\t\t<div class=\"elementor-element elementor-element-909f63d elementor-widget elementor-widget-heading\" data-id=\"909f63d\" data-element_type=\"widget\" data-widget_type=\"heading.default\">\n\t\t\t\t<div class=\"elementor-widget-container\">\n\t\t\t\t\t<h2 class=\"elementor-heading-title elementor-size-xl\"><span style=\"font-weight: 800\">GRACIAS POR QUERER HACER UNA DIFERENCIA!<\/span><\/h2>\t\t\t\t<\/div>\n\t\t\t\t<\/div>\n\t\t\t\t<div class=\"elementor-element elementor-element-5b98f2b elementor-hidden-desktop elementor-hidden-tablet elementor-hidden-mobile elementor-widget elementor-widget-heading\" data-id=\"5b98f2b\" data-element_type=\"widget\" data-widget_type=\"heading.default\">\n\t\t\t\t<div class=\"elementor-widget-container\">\n\t\t\t\t\t<h2 class=\"elementor-heading-title elementor-size-xl\">Please see below for different options depending on where you are in the world!<\/h2>\t\t\t\t<\/div>\n\t\t\t\t<\/div>\n\t\t\t\t<div class=\"elementor-element elementor-element-2d4b3bc elementor-widget-divider--view-line elementor-invisible elementor-widget elementor-widget-divider\" data-id=\"2d4b3bc\" data-element_type=\"widget\" data-settings=\"{&quot;_animation&quot;:&quot;fadeInLeft&quot;}\" data-widget_type=\"divider.default\">\n\t\t\t\t<div class=\"elementor-widget-container\">\n\t\t\t\t\t\t\t<div class=\"elementor-divider\">\n\t\t\t<span class=\"elementor-divider-separator\">\n\t\t\t\t\t\t<\/span>\n\t\t<\/div>\n\t\t\t\t\t\t<\/div>\n\t\t\t\t<\/div>\n\t\t\t\t<div class=\"elementor-element elementor-element-098040f elementor-widget__width-initial elementor-invisible elementor-widget elementor-widget-text-editor\" data-id=\"098040f\" data-element_type=\"widget\" data-settings=\"{&quot;_animation&quot;:&quot;fadeInUp&quot;}\" data-widget_type=\"text-editor.default\">\n\t\t\t\t<div class=\"elementor-widget-container\">\n\t\t\t\t\t\t\t\t\t<p>Colombianimals es una entidad sin \u00e1nimo de lucro y dependemos de donaciones de personas com T\u00da para lograr nuestra misi\u00f3n y crear un impacto positivo en CIENTOS de perros y gatos en Colombia por medio de la esterilizaci\u00f3n.<\/p><p><strong>$90.000 cubren los costos asociados de 1 cirug\u00eda!\u00a0<\/strong><\/p><p>Si est\u00e1s en Colombia o tienes cuentas bancarias Colombianas, puedes hacer tu aporte por los siguientes medios:<\/p><ul><li><strong>Bancolombia<\/strong><br \/>Cuenta de Ahorros (Savings Account) 461-000011-64<br \/>NIT (Colombianimals ID) 901803939<br \/><br \/><\/li><li><strong>Nequi:<\/strong> 305-308-4237 (Natalia Hanson)<br \/><br \/><\/li><li><strong>Daviplata:<\/strong> 305-308-4237 (Natalia Hanson)<br \/><br \/><\/li><\/ul><p><strong>Si prefieres, puedes hacer una donaci\u00f3n por medio de PayPal usando una tarjeta de cr\u00e9dito.<\/strong><\/p>\t\t\t\t\t\t\t\t<\/div>\n\t\t\t\t<\/div>\n\t\t\t\t<div class=\"elementor-element elementor-element-a77276e elementor-align-center elementor-mobile-align-left elementor-widget elementor-widget-paypal-button\" data-id=\"a77276e\" data-element_type=\"widget\" data-settings=\"{&quot;merchant_account&quot;:&quot;simple&quot;}\" data-widget_type=\"paypal-button.default\">\n\t\t\t\t<div class=\"elementor-widget-container\">\n\t\t\t\t\t\t\t<div class=\"elementor-button-wrapper\">\n\t\t\t\t\t<form action=\"https:\/\/www.paypal.com\/cgi-bin\/webscr\" method=\"post\" target=\"_blank\">\n\t\t\t<input type=\"hidden\" name=\"cmd\" value=\"_donations\" \/>\n\t\t\t<input type=\"hidden\" name=\"business\" value=\"hello@colombianimals.org\" \/>\n\t\t\t<input type=\"hidden\" name=\"lc\" value=\"US\" \/>\n\t\t\t<input type=\"hidden\" name=\"item_name\" value=\"DONATE\" \/>\n\t\t\t<input type=\"hidden\" name=\"item_number\" value=\"\" \/>\n\t\t\t<input type=\"hidden\" name=\"currency_code\" value=\"CAD\" \/>\n\t\t\t<input type=\"hidden\" name=\"amount\" value=\"\" \/>\n\t\t\t<input type=\"hidden\" name=\"no_note\" value=\"1\">\n\n\t\t\t\t\t<button class=\"elementor-button elementor-size-sm elementor-paypal-legacy elementor-payment-button\" role=\"button\" type=\"submit\">\n\t\t\t\t\t<span class=\"elementor-button-content-wrapper\">\n\t\t\t\t\t\t<span class=\"elementor-button-icon\">\n\t\t\t\t<svg aria-hidden=\"true\" class=\"e-font-icon-svg e-fab-paypal\" viewbox=\"0 0 384 512\" xmlns=\"http:\/\/www.w3.org\/2000\/svg\"><path d=\"M111.4 295.9c-3.5 19.2-17.4 108.7-21.5 134-.3 1.8-1 2.5-3 2.5H12.3c-7.6 0-13.1-6.6-12.1-13.9L58.8 46.6c1.5-9.6 10.1-16.9 20-16.9 152.3 0 165.1-3.7 204 11.4 60.1 23.3 65.6 79.5 44 140.3-21.5 62.6-72.5 89.5-140.1 90.3-43.4.7-69.5-7-75.3 24.2zM357.1 152c-1.8-1.3-2.5-1.8-3 1.3-2 11.4-5.1 22.5-8.8 33.6-39.9 113.8-150.5 103.9-204.5 103.9-6.1 0-10.1 3.3-10.9 9.4-22.6 140.4-27.1 169.7-27.1 169.7-1 7.1 3.5 12.9 10.6 12.9h63.5c8.6 0 15.7-6.3 17.4-14.9.7-5.4-1.1 6.1 14.4-91.3 4.6-22 14.3-19.7 29.3-19.7 71 0 126.4-28.8 142.9-112.3 6.5-34.8 4.6-71.4-23.8-92.6z\"><\/path><\/svg>\t\t\t<\/span>\n\t\t\t\t\t\t\t\t\t<span class=\"elementor-button-text\">DONA POR PAYPAL<\/span>\n\t\t\t\t\t<\/span>\n\t\t\t\t<\/button>\n\t\t\t\t<\/form>\n\t\t\t\t<\/div>\n\t\t\t\t\t\t<\/div>\n\t\t\t\t<\/div>\n\t\t\t\t\t<\/div>\n\t\t<\/div>\n\t\t\t\t\t<\/div>\n\t\t<\/section>\n\t\t\t\t<section class=\"elementor-section elementor-top-section elementor-element elementor-element-64ac900 elementor-section-full_width elementor-section-height-default elementor-section-height-default\" data-id=\"64ac900\" data-element_type=\"section\" data-settings=\"{&quot;shape_divider_top&quot;:&quot;mountains&quot;}\">\n\t\t\t\t\t<div class=\"elementor-shape elementor-shape-top\" aria-hidden=\"true\" data-negative=\"false\">\n\t\t\t<svg xmlns=\"http:\/\/www.w3.org\/2000\/svg\" viewbox=\"0 0 1000 100\" preserveaspectratio=\"none\">\n\t<path class=\"elementor-shape-fill\" opacity=\"0.33\" d=\"M473,67.3c-203.9,88.3-263.1-34-320.3,0C66,119.1,0,59.7,0,59.7V0h1000v59.7 c0,0-62.1,26.1-94.9,29.3c-32.8,3.3-62.8-12.3-75.8-22.1C806,49.6,745.3,8.7,694.9,4.7S492.4,59,473,67.3z\"\/>\n\t<path class=\"elementor-shape-fill\" opacity=\"0.66\" d=\"M734,67.3c-45.5,0-77.2-23.2-129.1-39.1c-28.6-8.7-150.3-10.1-254,39.1 s-91.7-34.4-149.2,0C115.7,118.3,0,39.8,0,39.8V0h1000v36.5c0,0-28.2-18.5-92.1-18.5C810.2,18.1,775.7,67.3,734,67.3z\"\/>\n\t<path class=\"elementor-shape-fill\" d=\"M766.1,28.9c-200-57.5-266,65.5-395.1,19.5C242,1.8,242,5.4,184.8,20.6C128,35.8,132.3,44.9,89.9,52.5C28.6,63.7,0,0,0,0 h1000c0,0-9.9,40.9-83.6,48.1S829.6,47,766.1,28.9z\"\/>\n<\/svg>\t\t<\/div>\n\t\t\t\t\t<div class=\"elementor-container elementor-column-gap-default\">\n\t\t\t\t\t<div class=\"elementor-column elementor-col-100 elementor-top-column elementor-element elementor-element-ec435a7\" data-id=\"ec435a7\" data-element_type=\"column\">\n\t\t\t<div class=\"elementor-widget-wrap elementor-element-populated\">\n\t\t\t\t\t\t<div class=\"elementor-element elementor-element-47ace19 elementor-widget elementor-widget-image\" data-id=\"47ace19\" data-element_type=\"widget\" data-widget_type=\"image.default\">\n\t\t\t\t<div class=\"elementor-widget-container\">\n\t\t\t\t\t\t\t\t\t\t\t\t\t\t\t<img decoding=\"async\" width=\"1600\" height=\"600\" src=\"https:\/\/colombianimals.org\/wp-content\/uploads\/2024\/08\/Malambo-background.png\" class=\"attachment-full size-full wp-image-778\" alt=\"Three stray dogs eating kibble out of a bag on the side of the road\" srcset=\"https:\/\/colombianimals.org\/wp-content\/uploads\/2024\/08\/Malambo-background.png 1600w, https:\/\/colombianimals.org\/wp-content\/uploads\/2024\/08\/Malambo-background-300x113.png 300w, https:\/\/colombianimals.org\/wp-content\/uploads\/2024\/08\/Malambo-background-1024x384.png 1024w, https:\/\/colombianimals.org\/wp-content\/uploads\/2024\/08\/Malambo-background-768x288.png 768w, https:\/\/colombianimals.org\/wp-content\/uploads\/2024\/08\/Malambo-background-1536x576.png 1536w, https:\/\/colombianimals.org\/wp-content\/uploads\/2024\/08\/Malambo-background-18x7.png 18w\" sizes=\"(max-width: 1600px) 100vw, 1600px\" \/>\t\t\t\t\t\t\t\t\t\t\t\t\t\t\t<\/div>\n\t\t\t\t<\/div>\n\t\t\t\t<div class=\"elementor-element elementor-element-3bf79d2 elementor-widget elementor-widget-image\" data-id=\"3bf79d2\" data-element_type=\"widget\" data-widget_type=\"image.default\">\n\t\t\t\t<div class=\"elementor-widget-container\">\n\t\t\t\t\t\t\t\t\t\t\t\t\t\t\t<img decoding=\"async\" width=\"769\" height=\"769\" src=\"https:\/\/colombianimals.org\/wp-content\/uploads\/2024\/03\/Fondo-2-Spay-And-Neuter-Responsive.webp\" class=\"attachment-full size-full wp-image-308\" alt=\"\" srcset=\"https:\/\/colombianimals.org\/wp-content\/uploads\/2024\/03\/Fondo-2-Spay-And-Neuter-Responsive.webp 769w, https:\/\/colombianimals.org\/wp-content\/uploads\/2024\/03\/Fondo-2-Spay-And-Neuter-Responsive-300x300.webp 300w, https:\/\/colombianimals.org\/wp-content\/uploads\/2024\/03\/Fondo-2-Spay-And-Neuter-Responsive-150x150.webp 150w, https:\/\/colombianimals.org\/wp-content\/uploads\/2024\/03\/Fondo-2-Spay-And-Neuter-Responsive-12x12.webp 12w\" sizes=\"(max-width: 769px) 100vw, 769px\" \/>\t\t\t\t\t\t\t\t\t\t\t\t\t\t\t<\/div>\n\t\t\t\t<\/div>\n\t\t\t\t\t<\/div>\n\t\t<\/div>\n\t\t\t\t\t<\/div>\n\t\t<\/section>\n\t\t\t\t<\/div>","protected":false},"excerpt":{"rendered":"<p>C\u00f3mo donaren Colombia GRACIAS POR QUERER HACER UNA DIFERENCIA! Please see below for different options depending on where you are in the world! Colombianimals es una entidad sin \u00e1nimo de lucro y dependemos de donaciones de personas com T\u00da para lograr nuestra misi\u00f3n y crear un impacto positivo en CIENTOS de perros y gatos en [&hellip;]<\/p>","protected":false},"author":2,"featured_media":0,"parent":0,"menu_order":0,"comment_status":"closed","ping_status":"closed","template":"","meta":{"_eb_attr":"","footnotes":""},"yoast_head":"<!-- This site is optimized with the Yoast SEO plugin v22.9 - https:\/\/yoast.com\/wordpress\/plugins\/seo\/ -->\n<title>Donaciones Colombia - Colombianimals<\/title>\n<meta name=\"description\" content=\"Spaying and neutering of pets and stray animals helps to control pet overpopulation. This prevents worldwide euthanasia.\" \/>\n<meta name=\"robots\" content=\"index, follow, max-snippet:-1, max-image-preview:large, max-video-preview:-1\" \/>\n<link rel=\"canonical\" href=\"https:\/\/colombianimals.org\/es\/donaciones-colombia\/\" \/>\n<meta property=\"og:locale\" content=\"es_ES\" \/>\n<meta property=\"og:type\" content=\"article\" \/>\n<meta property=\"og:title\" content=\"Donaciones Colombia - Colombianimals\" \/>\n<meta property=\"og:description\" content=\"Spaying and neutering of pets and stray animals helps to control pet overpopulation. This prevents worldwide euthanasia.\" \/>\n<meta property=\"og:url\" content=\"https:\/\/colombianimals.org\/es\/donaciones-colombia\/\" \/>\n<meta property=\"og:site_name\" content=\"Colombianimals\" \/>\n<meta property=\"article:modified_time\" content=\"2024-09-10T02:46:33+00:00\" \/>\n<meta property=\"og:image\" content=\"https:\/\/colombianimals.org\/wp-content\/uploads\/2024\/08\/Colombianimals-Portada-Donate.webp\" \/>\n<meta name=\"twitter:card\" content=\"summary_large_image\" \/>\n<meta name=\"twitter:label1\" content=\"Tiempo de lectura\" \/>\n\t<meta name=\"twitter:data1\" content=\"2 minutos\" \/>\n<script type=\"application\/ld+json\" class=\"yoast-schema-graph\">{\"@context\":\"https:\/\/schema.org\",\"@graph\":[{\"@type\":\"WebPage\",\"@id\":\"https:\/\/colombianimals.org\/donaciones-colombia\/\",\"url\":\"https:\/\/colombianimals.org\/donaciones-colombia\/\",\"name\":\"Donaciones Colombia - Colombianimals\",\"isPartOf\":{\"@id\":\"https:\/\/colombianimals.org\/#website\"},\"primaryImageOfPage\":{\"@id\":\"https:\/\/colombianimals.org\/donaciones-colombia\/#primaryimage\"},\"image\":{\"@id\":\"https:\/\/colombianimals.org\/donaciones-colombia\/#primaryimage\"},\"thumbnailUrl\":\"https:\/\/colombianimals.org\/wp-content\/uploads\/2024\/08\/Colombianimals-Portada-Donate.webp\",\"datePublished\":\"2024-09-10T02:17:44+00:00\",\"dateModified\":\"2024-09-10T02:46:33+00:00\",\"description\":\"Spaying and neutering of pets and stray animals helps to control pet overpopulation. This prevents worldwide euthanasia.\",\"breadcrumb\":{\"@id\":\"https:\/\/colombianimals.org\/donaciones-colombia\/#breadcrumb\"},\"inLanguage\":\"es-CO\",\"potentialAction\":[{\"@type\":\"ReadAction\",\"target\":[\"https:\/\/colombianimals.org\/donaciones-colombia\/\"]}]},{\"@type\":\"ImageObject\",\"inLanguage\":\"es-CO\",\"@id\":\"https:\/\/colombianimals.org\/donaciones-colombia\/#primaryimage\",\"url\":\"https:\/\/colombianimals.org\/wp-content\/uploads\/2024\/08\/Colombianimals-Portada-Donate.webp\",\"contentUrl\":\"https:\/\/colombianimals.org\/wp-content\/uploads\/2024\/08\/Colombianimals-Portada-Donate.webp\"},{\"@type\":\"BreadcrumbList\",\"@id\":\"https:\/\/colombianimals.org\/donaciones-colombia\/#breadcrumb\",\"itemListElement\":[{\"@type\":\"ListItem\",\"position\":1,\"name\":\"Home\",\"item\":\"https:\/\/colombianimals.org\/\"},{\"@type\":\"ListItem\",\"position\":2,\"name\":\"Donaciones Colombia\"}]},{\"@type\":\"WebSite\",\"@id\":\"https:\/\/colombianimals.org\/#website\",\"url\":\"https:\/\/colombianimals.org\/\",\"name\":\"Colombianimals\",\"description\":\"We provide help to animals in need in Latin American nations where resources are scarce.\",\"potentialAction\":[{\"@type\":\"SearchAction\",\"target\":{\"@type\":\"EntryPoint\",\"urlTemplate\":\"https:\/\/colombianimals.org\/?s={search_term_string}\"},\"query-input\":\"required name=search_term_string\"}],\"inLanguage\":\"es-CO\"}]}<\/script>\n<!-- \/ Yoast SEO plugin. -->","yoast_head_json":{"title":"Donaciones Colombia - Colombianimals","description":"Spaying and neutering of pets and stray animals helps to control pet overpopulation. This prevents worldwide euthanasia.","robots":{"index":"index","follow":"follow","max-snippet":"max-snippet:-1","max-image-preview":"max-image-preview:large","max-video-preview":"max-video-preview:-1"},"canonical":"https:\/\/colombianimals.org\/es\/donaciones-colombia\/","og_locale":"es_ES","og_type":"article","og_title":"Donaciones Colombia - Colombianimals","og_description":"Spaying and neutering of pets and stray animals helps to control pet overpopulation. This prevents worldwide euthanasia.","og_url":"https:\/\/colombianimals.org\/es\/donaciones-colombia\/","og_site_name":"Colombianimals","article_modified_time":"2024-09-10T02:46:33+00:00","og_image":[{"url":"https:\/\/colombianimals.org\/wp-content\/uploads\/2024\/08\/Colombianimals-Portada-Donate.webp"}],"twitter_card":"summary_large_image","twitter_misc":{"Tiempo de lectura":"2 minutos"},"schema":{"@context":"https:\/\/schema.org","@graph":[{"@type":"WebPage","@id":"https:\/\/colombianimals.org\/donaciones-colombia\/","url":"https:\/\/colombianimals.org\/donaciones-colombia\/","name":"Donaciones Colombia - Colombianimals","isPartOf":{"@id":"https:\/\/colombianimals.org\/#website"},"primaryImageOfPage":{"@id":"https:\/\/colombianimals.org\/donaciones-colombia\/#primaryimage"},"image":{"@id":"https:\/\/colombianimals.org\/donaciones-colombia\/#primaryimage"},"thumbnailUrl":"https:\/\/colombianimals.org\/wp-content\/uploads\/2024\/08\/Colombianimals-Portada-Donate.webp","datePublished":"2024-09-10T02:17:44+00:00","dateModified":"2024-09-10T02:46:33+00:00","description":"Spaying and neutering of pets and stray animals helps to control pet overpopulation. This prevents worldwide euthanasia.","breadcrumb":{"@id":"https:\/\/colombianimals.org\/donaciones-colombia\/#breadcrumb"},"inLanguage":"es-CO","potentialAction":[{"@type":"ReadAction","target":["https:\/\/colombianimals.org\/donaciones-colombia\/"]}]},{"@type":"ImageObject","inLanguage":"es-CO","@id":"https:\/\/colombianimals.org\/donaciones-colombia\/#primaryimage","url":"https:\/\/colombianimals.org\/wp-content\/uploads\/2024\/08\/Colombianimals-Portada-Donate.webp","contentUrl":"https:\/\/colombianimals.org\/wp-content\/uploads\/2024\/08\/Colombianimals-Portada-Donate.webp"},{"@type":"BreadcrumbList","@id":"https:\/\/colombianimals.org\/donaciones-colombia\/#breadcrumb","itemListElement":[{"@type":"ListItem","position":1,"name":"Home","item":"https:\/\/colombianimals.org\/"},{"@type":"ListItem","position":2,"name":"Donaciones Colombia"}]},{"@type":"WebSite","@id":"https:\/\/colombianimals.org\/#website","url":"https:\/\/colombianimals.org\/","name":"Colombianimals","description":"We provide help to animals in need in Latin American nations where resources are scarce.","potentialAction":[{"@type":"SearchAction","target":{"@type":"EntryPoint","urlTemplate":"https:\/\/colombianimals.org\/?s={search_term_string}"},"query-input":"required name=search_term_string"}],"inLanguage":"es-CO"}]}},"_links":{"self":[{"href":"https:\/\/colombianimals.org\/es\/wp-json\/wp\/v2\/pages\/911"}],"collection":[{"href":"https:\/\/colombianimals.org\/es\/wp-json\/wp\/v2\/pages"}],"about":[{"href":"https:\/\/colombianimals.org\/es\/wp-json\/wp\/v2\/types\/page"}],"author":[{"embeddable":true,"href":"https:\/\/colombianimals.org\/es\/wp-json\/wp\/v2\/users\/2"}],"replies":[{"embeddable":true,"href":"https:\/\/colombianimals.org\/es\/wp-json\/wp\/v2\/comments?post=911"}],"version-history":[{"count":40,"href":"https:\/\/colombianimals.org\/es\/wp-json\/wp\/v2\/pages\/911\/revisions"}],"predecessor-version":[{"id":951,"href":"https:\/\/colombianimals.org\/es\/wp-json\/wp\/v2\/pages\/911\/revisions\/951"}],"wp:attachment":[{"href":"https:\/\/colombianimals.org\/es\/wp-json\/wp\/v2\/media?parent=911"}],"curies":[{"name":"wp","href":"https:\/\/api.w.org\/{rel}","templated":true}]}}