{"id":43,"date":"2024-03-06T19:53:34","date_gmt":"2024-03-06T14:53:34","guid":{"rendered":"https:\/\/colombianimals.org\/?page_id=43"},"modified":"2024-03-12T20:19:46","modified_gmt":"2024-03-12T15:19:46","slug":"why-spay-neuter","status":"publish","type":"page","link":"https:\/\/colombianimals.org\/es\/why-spay-neuter\/","title":{"rendered":"\u00bfPorque castrar y esterilizar?"},"content":{"rendered":"<div data-elementor-type=\"wp-page\" data-elementor-id=\"43\" class=\"elementor elementor-43\" data-elementor-post-type=\"page\">\n\t\t\t\t\t\t<section class=\"elementor-section elementor-top-section elementor-element elementor-element-7ace287 elementor-section-full_width elementor-section-height-default elementor-section-height-default\" data-id=\"7ace287\" data-element_type=\"section\">\n\t\t\t\t\t\t<div class=\"elementor-container elementor-column-gap-default\">\n\t\t\t\t\t<div class=\"elementor-column elementor-col-100 elementor-top-column elementor-element elementor-element-52df46c\" data-id=\"52df46c\" data-element_type=\"column\">\n\t\t\t<div class=\"elementor-widget-wrap elementor-element-populated\">\n\t\t\t\t\t\t<div class=\"elementor-element elementor-element-609e509 elementor-hidden-mobile elementor-widget elementor-widget-image\" data-id=\"609e509\" data-element_type=\"widget\" data-widget_type=\"image.default\">\n\t\t\t\t<div class=\"elementor-widget-container\">\n\t\t\t\t\t\t\t\t\t\t\t\t\t\t\t<img fetchpriority=\"high\" decoding=\"async\" width=\"1600\" height=\"901\" src=\"https:\/\/colombianimals.org\/wp-content\/uploads\/2024\/03\/Fondo-de-Spay-And-Neuter.webp\" class=\"attachment-full size-full wp-image-299\" alt=\"\" srcset=\"https:\/\/colombianimals.org\/wp-content\/uploads\/2024\/03\/Fondo-de-Spay-And-Neuter.webp 1600w, https:\/\/colombianimals.org\/wp-content\/uploads\/2024\/03\/Fondo-de-Spay-And-Neuter-300x169.webp 300w, https:\/\/colombianimals.org\/wp-content\/uploads\/2024\/03\/Fondo-de-Spay-And-Neuter-1024x577.webp 1024w, https:\/\/colombianimals.org\/wp-content\/uploads\/2024\/03\/Fondo-de-Spay-And-Neuter-768x432.webp 768w, https:\/\/colombianimals.org\/wp-content\/uploads\/2024\/03\/Fondo-de-Spay-And-Neuter-1536x865.webp 1536w, https:\/\/colombianimals.org\/wp-content\/uploads\/2024\/03\/Fondo-de-Spay-And-Neuter-18x10.webp 18w\" sizes=\"(max-width: 1600px) 100vw, 1600px\" \/>\t\t\t\t\t\t\t\t\t\t\t\t\t\t\t<\/div>\n\t\t\t\t<\/div>\n\t\t\t\t<div class=\"elementor-element elementor-element-bc38eb1 elementor-hidden-desktop elementor-hidden-tablet elementor-widget elementor-widget-image\" data-id=\"bc38eb1\" data-element_type=\"widget\" data-widget_type=\"image.default\">\n\t\t\t\t<div class=\"elementor-widget-container\">\n\t\t\t\t\t\t\t\t\t\t\t\t\t\t\t<img decoding=\"async\" width=\"1020\" height=\"768\" src=\"https:\/\/colombianimals.org\/wp-content\/uploads\/2024\/03\/Fondo-de-Spay-And-Neuter-Responsive.png\" class=\"attachment-full size-full wp-image-297\" alt=\"\" srcset=\"https:\/\/colombianimals.org\/wp-content\/uploads\/2024\/03\/Fondo-de-Spay-And-Neuter-Responsive.png 1020w, https:\/\/colombianimals.org\/wp-content\/uploads\/2024\/03\/Fondo-de-Spay-And-Neuter-Responsive-300x226.png 300w, https:\/\/colombianimals.org\/wp-content\/uploads\/2024\/03\/Fondo-de-Spay-And-Neuter-Responsive-768x578.png 768w, https:\/\/colombianimals.org\/wp-content\/uploads\/2024\/03\/Fondo-de-Spay-And-Neuter-Responsive-16x12.png 16w\" sizes=\"(max-width: 1020px) 100vw, 1020px\" \/>\t\t\t\t\t\t\t\t\t\t\t\t\t\t\t<\/div>\n\t\t\t\t<\/div>\n\t\t\t\t<div class=\"elementor-element elementor-element-82c27ab elementor-absolute elementor-invisible elementor-widget elementor-widget-heading\" data-id=\"82c27ab\" data-element_type=\"widget\" data-settings=\"{&quot;_position&quot;:&quot;absolute&quot;,&quot;_animation&quot;:&quot;fadeInUp&quot;}\" data-widget_type=\"heading.default\">\n\t\t\t\t<div class=\"elementor-widget-container\">\n\t\t\t\t\t<h1 class=\"elementor-heading-title elementor-size-xxl\">\u00bfPor qu\u00e9 castrar <br> y esterilizar?<\/h1>\t\t\t\t<\/div>\n\t\t\t\t<\/div>\n\t\t\t\t\t<\/div>\n\t\t<\/div>\n\t\t\t\t\t<\/div>\n\t\t<\/section>\n\t\t\t\t<section class=\"elementor-section elementor-top-section elementor-element elementor-element-accf79c elementor-section-full_width elementor-section-height-default elementor-section-height-default\" data-id=\"accf79c\" data-element_type=\"section\" data-settings=\"{&quot;background_background&quot;:&quot;classic&quot;}\">\n\t\t\t\t\t\t<div class=\"elementor-container elementor-column-gap-default\">\n\t\t\t\t\t<div class=\"elementor-column elementor-col-100 elementor-top-column elementor-element elementor-element-eded231\" data-id=\"eded231\" data-element_type=\"column\">\n\t\t\t<div class=\"elementor-widget-wrap elementor-element-populated\">\n\t\t\t\t\t\t<div class=\"elementor-element elementor-element-97838da elementor-widget elementor-widget-spacer\" data-id=\"97838da\" data-element_type=\"widget\" data-widget_type=\"spacer.default\">\n\t\t\t\t<div class=\"elementor-widget-container\">\n\t\t\t\t\t\t\t<div class=\"elementor-spacer\">\n\t\t\t<div class=\"elementor-spacer-inner\"><\/div>\n\t\t<\/div>\n\t\t\t\t\t\t<\/div>\n\t\t\t\t<\/div>\n\t\t\t\t<div class=\"elementor-element elementor-element-909f63d elementor-widget elementor-widget-heading\" data-id=\"909f63d\" data-element_type=\"widget\" data-widget_type=\"heading.default\">\n\t\t\t\t<div class=\"elementor-widget-container\">\n\t\t\t\t\t<h2 class=\"elementor-heading-title elementor-size-xl\"><span style=\"font-weight: 800\">CONOZCA LOS HECHOS<\/span><\/h2>\t\t\t\t<\/div>\n\t\t\t\t<\/div>\n\t\t\t\t<div class=\"elementor-element elementor-element-5b98f2b elementor-widget elementor-widget-heading\" data-id=\"5b98f2b\" data-element_type=\"widget\" data-widget_type=\"heading.default\">\n\t\t\t\t<div class=\"elementor-widget-container\">\n\t\t\t\t\t<h2 class=\"elementor-heading-title elementor-size-xl\">Impacto de la esterilizaci\u00f3n<\/h2>\t\t\t\t<\/div>\n\t\t\t\t<\/div>\n\t\t\t\t<div class=\"elementor-element elementor-element-2d4b3bc elementor-widget-divider--view-line elementor-invisible elementor-widget elementor-widget-divider\" data-id=\"2d4b3bc\" data-element_type=\"widget\" data-settings=\"{&quot;_animation&quot;:&quot;fadeInLeft&quot;}\" data-widget_type=\"divider.default\">\n\t\t\t\t<div class=\"elementor-widget-container\">\n\t\t\t\t\t\t\t<div class=\"elementor-divider\">\n\t\t\t<span class=\"elementor-divider-separator\">\n\t\t\t\t\t\t<\/span>\n\t\t<\/div>\n\t\t\t\t\t\t<\/div>\n\t\t\t\t<\/div>\n\t\t\t\t<div class=\"elementor-element elementor-element-098040f elementor-invisible elementor-widget elementor-widget-text-editor\" data-id=\"098040f\" data-element_type=\"widget\" data-settings=\"{&quot;_animation&quot;:&quot;fadeInUp&quot;}\" data-widget_type=\"text-editor.default\">\n\t\t\t\t<div class=\"elementor-widget-container\">\n\t\t\t\t\t\t\t\t\t<p>Porque es lo correcto. Castrar y esterilizar<br \/>animales de compa\u00f1\u00eda y callejeros, ayuda a controlar la superpoblaci\u00f3n de animales.<br \/>lo que resulta en millones de perros y gatos sanos pero no deseados<br \/>a los que se aplica la eutanasia en todo el mundo cada a\u00f1o.<\/p>\t\t\t\t\t\t\t\t<\/div>\n\t\t\t\t<\/div>\n\t\t\t\t<div class=\"elementor-element elementor-element-d2e589e elementor-widget elementor-widget-slider_revolution\" data-id=\"d2e589e\" data-element_type=\"widget\" data-widget_type=\"slider_revolution.default\">\n\t\t\t\t<div class=\"elementor-widget-container\">\n\t\t\t\t\t\n\t\t<div class=\"wp-block-themepunch-revslider\">\n\t\t\t<!-- START Carrousel Spay and neuter REVOLUTION SLIDER 6.6.16 --><p class=\"rs-p-wp-fix\"><\/p>\n\t\t\t<rs-module-wrap id=\"rev_slider_2_1_wrapper\" data-source=\"gallery\" style=\"visibility:hidden;background:transparent;padding:0;margin:0px auto;margin-top:0;margin-bottom:0;\">\n\t\t\t\t<rs-module id=\"rev_slider_2_1\" style=\"\" data-version=\"6.6.16\">\n\t\t\t\t\t<rs-slides style=\"overflow: hidden; position: absolute;\">\n\t\t\t\t\t\t<rs-slide style=\"position: absolute;\" data-key=\"rs-6\" data-title=\"Card 1\" data-in=\"o:0;\" data-out=\"a:false;\">\n\t\t\t\t\t\t\t<img decoding=\"async\" src=\"\/\/colombianimals.org\/wp-content\/plugins\/revslider\/public\/assets\/assets\/dummy.png\" alt=\"Card 1\" title=\"\u00bfPorque castrar y esterilizar?\" class=\"rev-slidebg tp-rs-img rs-lazyload\" data-lazyload=\"\/\/colombianimals.org\/wp-content\/plugins\/revslider\/public\/assets\/assets\/transparent.png\" data-no-retina>\n<!--\n\t\t\t\t\t\t\t--><rs-layer\n\t\t\t\t\t\t\t\tid=\"slider-2-slide-6-layer-0\" \n\t\t\t\t\t\t\t\tdata-type=\"text\"\n\t\t\t\t\t\t\t\tdata-color=\"#000000\"\n\t\t\t\t\t\t\t\tdata-rsp_ch=\"on\"\n\t\t\t\t\t\t\t\tdata-xy=\"x:c;y:243px;\"\n\t\t\t\t\t\t\t\tdata-text=\"w:normal;s:20;fw:700;a:center;\"\n\t\t\t\t\t\t\t\tdata-frame_999=\"o:0;st:w;\"\n\t\t\t\t\t\t\t\tstyle=\"z-index:7;font-family:'Fredoka';\"\n\t\t\t\t\t\t\t>CONTROL DE LA SUPERPOBLACI\u00d3N <br \/> OVERPOPULATION \n\t\t\t\t\t\t\t<\/rs-layer><!--\n\n\t\t\t\t\t\t\t--><rs-layer\n\t\t\t\t\t\t\t\tid=\"slider-2-slide-6-layer-1\" \n\t\t\t\t\t\t\t\tdata-type=\"image\"\n\t\t\t\t\t\t\t\tdata-rsp_ch=\"on\"\n\t\t\t\t\t\t\t\tdata-xy=\"x:c;y:c;\"\n\t\t\t\t\t\t\t\tdata-text=\"w:normal;\"\n\t\t\t\t\t\t\t\tdata-dim=\"w:95%;\"\n\t\t\t\t\t\t\t\tdata-frame_999=\"o:0;st:w;\"\n\t\t\t\t\t\t\t\tstyle=\"z-index:6;\"\n\t\t\t\t\t\t\t><img decoding=\"async\" src=\"\/\/colombianimals.org\/wp-content\/plugins\/revslider\/public\/assets\/assets\/dummy.png\" alt=\"\" class=\"tp-rs-img rs-lazyload\" width=\"519\" height=\"379\" data-lazyload=\"\/\/colombianimals.org\/wp-content\/uploads\/2024\/03\/Overpopulation-2.webp\" data-no-retina> \n\t\t\t\t\t\t\t<\/rs-layer><!--\n-->\t\t\t\t\t\t<\/rs-slide>\n\t\t\t\t\t\t<rs-slide style=\"position: absolute;\" data-key=\"rs-7\" data-title=\"Card 2\" data-in=\"o:0;\" data-out=\"a:false;\">\n\t\t\t\t\t\t\t<img decoding=\"async\" src=\"\/\/colombianimals.org\/wp-content\/plugins\/revslider\/public\/assets\/assets\/dummy.png\" alt=\"Card 2\" title=\"\u00bfPorque castrar y esterilizar?\" class=\"rev-slidebg tp-rs-img rs-lazyload\" data-lazyload=\"\/\/colombianimals.org\/wp-content\/plugins\/revslider\/public\/assets\/assets\/transparent.png\" data-no-retina>\n<!--\n\t\t\t\t\t\t\t--><rs-layer\n\t\t\t\t\t\t\t\tid=\"slider-2-slide-7-layer-0\" \n\t\t\t\t\t\t\t\tdata-type=\"text\"\n\t\t\t\t\t\t\t\tdata-color=\"#000000\"\n\t\t\t\t\t\t\t\tdata-rsp_ch=\"on\"\n\t\t\t\t\t\t\t\tdata-xy=\"x:c;y:243px;\"\n\t\t\t\t\t\t\t\tdata-text=\"w:normal;s:20;fw:700;a:center;\"\n\t\t\t\t\t\t\t\tdata-frame_999=\"o:0;st:w;\"\n\t\t\t\t\t\t\t\tstyle=\"z-index:7;font-family:'Fredoka';\"\n\t\t\t\t\t\t\t>BENEFICIOS PARA LA SALUD \n\t\t\t\t\t\t\t<\/rs-layer><!--\n\n\t\t\t\t\t\t\t--><rs-layer\n\t\t\t\t\t\t\t\tid=\"slider-2-slide-7-layer-1\" \n\t\t\t\t\t\t\t\tdata-type=\"image\"\n\t\t\t\t\t\t\t\tdata-rsp_ch=\"on\"\n\t\t\t\t\t\t\t\tdata-xy=\"x:c;y:c;\"\n\t\t\t\t\t\t\t\tdata-text=\"w:normal;\"\n\t\t\t\t\t\t\t\tdata-dim=\"w:95%;\"\n\t\t\t\t\t\t\t\tdata-frame_999=\"o:0;st:w;\"\n\t\t\t\t\t\t\t\tstyle=\"z-index:6;\"\n\t\t\t\t\t\t\t><img loading=\"lazy\" decoding=\"async\" src=\"\/\/colombianimals.org\/wp-content\/plugins\/revslider\/public\/assets\/assets\/dummy.png\" alt=\"\" class=\"tp-rs-img rs-lazyload\" width=\"519\" height=\"379\" data-lazyload=\"\/\/colombianimals.org\/wp-content\/uploads\/2024\/03\/Why-Spay-and-Neuter-4.webp\" data-no-retina> \n\t\t\t\t\t\t\t<\/rs-layer><!--\n-->\t\t\t\t\t\t<\/rs-slide>\n\t\t\t\t\t\t<rs-slide style=\"position: absolute;\" data-key=\"rs-8\" data-title=\"Card 3\" data-in=\"o:0;\" data-out=\"a:false;\">\n\t\t\t\t\t\t\t<img decoding=\"async\" src=\"\/\/colombianimals.org\/wp-content\/plugins\/revslider\/public\/assets\/assets\/dummy.png\" alt=\"Card 3\" title=\"\u00bfPorque castrar y esterilizar?\" class=\"rev-slidebg tp-rs-img rs-lazyload\" data-lazyload=\"\/\/colombianimals.org\/wp-content\/plugins\/revslider\/public\/assets\/assets\/transparent.png\" data-no-retina>\n<!--\n\t\t\t\t\t\t\t--><rs-layer\n\t\t\t\t\t\t\t\tid=\"slider-2-slide-8-layer-0\" \n\t\t\t\t\t\t\t\tdata-type=\"text\"\n\t\t\t\t\t\t\t\tdata-color=\"#000000\"\n\t\t\t\t\t\t\t\tdata-rsp_ch=\"on\"\n\t\t\t\t\t\t\t\tdata-xy=\"x:c;y:243px;\"\n\t\t\t\t\t\t\t\tdata-text=\"w:normal;s:20;fw:700;a:center;\"\n\t\t\t\t\t\t\t\tdata-frame_999=\"o:0;st:w;\"\n\t\t\t\t\t\t\t\tstyle=\"z-index:7;font-family:'Fredoka';\"\n\t\t\t\t\t\t\t>ES BUENO PARA <br \/>THE COMMUNITY \n\t\t\t\t\t\t\t<\/rs-layer><!--\n\n\t\t\t\t\t\t\t--><rs-layer\n\t\t\t\t\t\t\t\tid=\"slider-2-slide-8-layer-1\" \n\t\t\t\t\t\t\t\tdata-type=\"image\"\n\t\t\t\t\t\t\t\tdata-rsp_ch=\"on\"\n\t\t\t\t\t\t\t\tdata-xy=\"x:c;y:c;\"\n\t\t\t\t\t\t\t\tdata-text=\"w:normal;\"\n\t\t\t\t\t\t\t\tdata-dim=\"w:95%;\"\n\t\t\t\t\t\t\t\tdata-frame_999=\"o:0;st:w;\"\n\t\t\t\t\t\t\t\tstyle=\"z-index:6;\"\n\t\t\t\t\t\t\t><img loading=\"lazy\" decoding=\"async\" src=\"\/\/colombianimals.org\/wp-content\/plugins\/revslider\/public\/assets\/assets\/dummy.png\" alt=\"\" class=\"tp-rs-img rs-lazyload\" width=\"519\" height=\"379\" data-lazyload=\"\/\/colombianimals.org\/wp-content\/uploads\/2024\/03\/Why-Spay-and-Neuter-5.webp\" data-no-retina> \n\t\t\t\t\t\t\t<\/rs-layer><!--\n-->\t\t\t\t\t\t<\/rs-slide>\n\t\t\t\t\t\t<rs-slide style=\"position: absolute;\" data-key=\"rs-9\" data-title=\"Card 4\" data-in=\"o:0;\" data-out=\"a:false;\">\n\t\t\t\t\t\t\t<img decoding=\"async\" src=\"\/\/colombianimals.org\/wp-content\/plugins\/revslider\/public\/assets\/assets\/dummy.png\" alt=\"Card 4\" title=\"\u00bfPorque castrar y esterilizar?\" class=\"rev-slidebg tp-rs-img rs-lazyload\" data-lazyload=\"\/\/colombianimals.org\/wp-content\/plugins\/revslider\/public\/assets\/assets\/transparent.png\" data-no-retina>\n<!--\n\t\t\t\t\t\t\t--><rs-layer\n\t\t\t\t\t\t\t\tid=\"slider-2-slide-9-layer-0\" \n\t\t\t\t\t\t\t\tdata-type=\"text\"\n\t\t\t\t\t\t\t\tdata-color=\"#000000\"\n\t\t\t\t\t\t\t\tdata-rsp_ch=\"on\"\n\t\t\t\t\t\t\t\tdata-xy=\"x:c;y:243px;\"\n\t\t\t\t\t\t\t\tdata-text=\"w:normal;s:20;fw:700;a:center;\"\n\t\t\t\t\t\t\t\tdata-frame_999=\"o:0;st:w;\"\n\t\t\t\t\t\t\t\tstyle=\"z-index:7;font-family:'Fredoka';\"\n\t\t\t\t\t\t\t>BENEFICIOS EN <br \/>LA CONDUCTA \n\t\t\t\t\t\t\t<\/rs-layer><!--\n\n\t\t\t\t\t\t\t--><rs-layer\n\t\t\t\t\t\t\t\tid=\"slider-2-slide-9-layer-1\" \n\t\t\t\t\t\t\t\tdata-type=\"image\"\n\t\t\t\t\t\t\t\tdata-rsp_ch=\"on\"\n\t\t\t\t\t\t\t\tdata-xy=\"x:c;y:c;\"\n\t\t\t\t\t\t\t\tdata-text=\"w:normal;\"\n\t\t\t\t\t\t\t\tdata-dim=\"w:95%;\"\n\t\t\t\t\t\t\t\tdata-frame_999=\"o:0;st:w;\"\n\t\t\t\t\t\t\t\tstyle=\"z-index:6;\"\n\t\t\t\t\t\t\t><img loading=\"lazy\" decoding=\"async\" src=\"\/\/colombianimals.org\/wp-content\/plugins\/revslider\/public\/assets\/assets\/dummy.png\" alt=\"\" class=\"tp-rs-img rs-lazyload\" width=\"519\" height=\"379\" data-lazyload=\"\/\/colombianimals.org\/wp-content\/uploads\/2024\/03\/Why-Spay-and-Neuter-6.webp\" data-no-retina> \n\t\t\t\t\t\t\t<\/rs-layer><!--\n-->\t\t\t\t\t\t<\/rs-slide>\n\t\t\t\t\t<\/rs-slides>\n\t\t\t\t<\/rs-module>\n\t\t\t\t<script>\n\t\t\t\t\tsetREVStartSize({c: 'rev_slider_2_1',rl:[1240,1024,778,480],el:[350],gw:[400],gh:[350],type:'carousel',justify:'',layout:'fullwidth',mh:\"0\"});if (window.RS_MODULES!==undefined && window.RS_MODULES.modules!==undefined && window.RS_MODULES.modules[\"revslider21\"]!==undefined) {window.RS_MODULES.modules[\"revslider21\"].once = false;window.revapi2 = undefined;if (window.RS_MODULES.checkMinimal!==undefined) window.RS_MODULES.checkMinimal()}\n\t\t\t\t<\/script>\n\t\t\t<\/rs-module-wrap>\n\t\t\t<!-- END REVOLUTION SLIDER -->\n<\/div>\n\n\t\t\t\t\t\t<\/div>\n\t\t\t\t<\/div>\n\t\t\t\t\t<\/div>\n\t\t<\/div>\n\t\t\t\t\t<\/div>\n\t\t<\/section>\n\t\t\t\t<section class=\"elementor-section elementor-top-section elementor-element elementor-element-64ac900 elementor-section-full_width elementor-section-height-default elementor-section-height-default\" data-id=\"64ac900\" data-element_type=\"section\" data-settings=\"{&quot;shape_divider_top&quot;:&quot;mountains&quot;}\">\n\t\t\t\t\t<div class=\"elementor-shape elementor-shape-top\" aria-hidden=\"true\" data-negative=\"false\">\n\t\t\t<svg xmlns=\"http:\/\/www.w3.org\/2000\/svg\" viewbox=\"0 0 1000 100\" preserveaspectratio=\"none\">\n\t<path class=\"elementor-shape-fill\" opacity=\"0.33\" d=\"M473,67.3c-203.9,88.3-263.1-34-320.3,0C66,119.1,0,59.7,0,59.7V0h1000v59.7 c0,0-62.1,26.1-94.9,29.3c-32.8,3.3-62.8-12.3-75.8-22.1C806,49.6,745.3,8.7,694.9,4.7S492.4,59,473,67.3z\"\/>\n\t<path class=\"elementor-shape-fill\" opacity=\"0.66\" d=\"M734,67.3c-45.5,0-77.2-23.2-129.1-39.1c-28.6-8.7-150.3-10.1-254,39.1 s-91.7-34.4-149.2,0C115.7,118.3,0,39.8,0,39.8V0h1000v36.5c0,0-28.2-18.5-92.1-18.5C810.2,18.1,775.7,67.3,734,67.3z\"\/>\n\t<path class=\"elementor-shape-fill\" d=\"M766.1,28.9c-200-57.5-266,65.5-395.1,19.5C242,1.8,242,5.4,184.8,20.6C128,35.8,132.3,44.9,89.9,52.5C28.6,63.7,0,0,0,0 h1000c0,0-9.9,40.9-83.6,48.1S829.6,47,766.1,28.9z\"\/>\n<\/svg>\t\t<\/div>\n\t\t\t\t\t<div class=\"elementor-container elementor-column-gap-default\">\n\t\t\t\t\t<div class=\"elementor-column elementor-col-100 elementor-top-column elementor-element elementor-element-ec435a7\" data-id=\"ec435a7\" data-element_type=\"column\">\n\t\t\t<div class=\"elementor-widget-wrap elementor-element-populated\">\n\t\t\t\t\t\t<div class=\"elementor-element elementor-element-47ace19 elementor-hidden-mobile elementor-widget elementor-widget-image\" data-id=\"47ace19\" data-element_type=\"widget\" data-widget_type=\"image.default\">\n\t\t\t\t<div class=\"elementor-widget-container\">\n\t\t\t\t\t\t\t\t\t\t\t\t\t\t\t<img loading=\"lazy\" decoding=\"async\" width=\"1600\" height=\"648\" src=\"https:\/\/colombianimals.org\/wp-content\/uploads\/2024\/03\/Fondo-2-Spay-And-Neuter.webp\" class=\"attachment-full size-full wp-image-307\" alt=\"\" srcset=\"https:\/\/colombianimals.org\/wp-content\/uploads\/2024\/03\/Fondo-2-Spay-And-Neuter.webp 1600w, https:\/\/colombianimals.org\/wp-content\/uploads\/2024\/03\/Fondo-2-Spay-And-Neuter-300x122.webp 300w, https:\/\/colombianimals.org\/wp-content\/uploads\/2024\/03\/Fondo-2-Spay-And-Neuter-1024x415.webp 1024w, https:\/\/colombianimals.org\/wp-content\/uploads\/2024\/03\/Fondo-2-Spay-And-Neuter-768x311.webp 768w, https:\/\/colombianimals.org\/wp-content\/uploads\/2024\/03\/Fondo-2-Spay-And-Neuter-1536x622.webp 1536w, https:\/\/colombianimals.org\/wp-content\/uploads\/2024\/03\/Fondo-2-Spay-And-Neuter-18x7.webp 18w\" sizes=\"(max-width: 1600px) 100vw, 1600px\" \/>\t\t\t\t\t\t\t\t\t\t\t\t\t\t\t<\/div>\n\t\t\t\t<\/div>\n\t\t\t\t<div class=\"elementor-element elementor-element-3bf79d2 elementor-hidden-desktop elementor-hidden-tablet elementor-widget elementor-widget-image\" data-id=\"3bf79d2\" data-element_type=\"widget\" data-widget_type=\"image.default\">\n\t\t\t\t<div class=\"elementor-widget-container\">\n\t\t\t\t\t\t\t\t\t\t\t\t\t\t\t<img loading=\"lazy\" decoding=\"async\" width=\"769\" height=\"769\" src=\"https:\/\/colombianimals.org\/wp-content\/uploads\/2024\/03\/Fondo-2-Spay-And-Neuter-Responsive.webp\" class=\"attachment-full size-full wp-image-308\" alt=\"\" srcset=\"https:\/\/colombianimals.org\/wp-content\/uploads\/2024\/03\/Fondo-2-Spay-And-Neuter-Responsive.webp 769w, https:\/\/colombianimals.org\/wp-content\/uploads\/2024\/03\/Fondo-2-Spay-And-Neuter-Responsive-300x300.webp 300w, https:\/\/colombianimals.org\/wp-content\/uploads\/2024\/03\/Fondo-2-Spay-And-Neuter-Responsive-150x150.webp 150w, https:\/\/colombianimals.org\/wp-content\/uploads\/2024\/03\/Fondo-2-Spay-And-Neuter-Responsive-12x12.webp 12w\" sizes=\"(max-width: 769px) 100vw, 769px\" \/>\t\t\t\t\t\t\t\t\t\t\t\t\t\t\t<\/div>\n\t\t\t\t<\/div>\n\t\t\t\t\t<\/div>\n\t\t<\/div>\n\t\t\t\t\t<\/div>\n\t\t<\/section>\n\t\t\t\t<\/div>","protected":false},"excerpt":{"rendered":"<p>Why Spay and neuter GET THE FACTS Impact of spay\/neuter Because it is the right thing to do. Spaying and neuteringowned pets and stray animals helps to control pet overpopula-tion, which results in millions of healthy but unwanted dogsand cats to be euthanized world wide each year.<\/p>","protected":false},"author":1,"featured_media":0,"parent":0,"menu_order":0,"comment_status":"closed","ping_status":"closed","template":"","meta":{"_eb_attr":"","footnotes":""},"yoast_head":"<!-- This site is optimized with the Yoast SEO plugin v22.9 - https:\/\/yoast.com\/wordpress\/plugins\/seo\/ -->\n<title>Why Spay\/Neuter? - Colombianimals<\/title>\n<meta name=\"description\" content=\"Spaying and neutering of pets and stray animals helps to control pet overpopulation. This prevents worldwide euthanasia.\" \/>\n<meta name=\"robots\" content=\"index, follow, max-snippet:-1, max-image-preview:large, max-video-preview:-1\" \/>\n<link rel=\"canonical\" href=\"https:\/\/colombianimals.org\/es\/why-spay-neuter\/\" \/>\n<meta property=\"og:locale\" content=\"es_ES\" \/>\n<meta property=\"og:type\" content=\"article\" \/>\n<meta property=\"og:title\" content=\"Why Spay\/Neuter? - Colombianimals\" \/>\n<meta property=\"og:description\" content=\"Spaying and neutering of pets and stray animals helps to control pet overpopulation. This prevents worldwide euthanasia.\" \/>\n<meta property=\"og:url\" content=\"https:\/\/colombianimals.org\/es\/why-spay-neuter\/\" \/>\n<meta property=\"og:site_name\" content=\"Colombianimals\" \/>\n<meta property=\"article:modified_time\" content=\"2024-03-12T15:19:46+00:00\" \/>\n<meta property=\"og:image\" content=\"https:\/\/colombianimals.org\/wp-content\/uploads\/2024\/03\/Fondo-de-Spay-And-Neuter.webp\" \/>\n<meta name=\"twitter:card\" content=\"summary_large_image\" \/>\n<meta name=\"twitter:label1\" content=\"Tiempo de lectura\" \/>\n\t<meta name=\"twitter:data1\" content=\"2 minutos\" \/>\n<script type=\"application\/ld+json\" class=\"yoast-schema-graph\">{\"@context\":\"https:\/\/schema.org\",\"@graph\":[{\"@type\":\"WebPage\",\"@id\":\"https:\/\/colombianimals.org\/why-spay-neuter\/\",\"url\":\"https:\/\/colombianimals.org\/why-spay-neuter\/\",\"name\":\"Why Spay\/Neuter? - Colombianimals\",\"isPartOf\":{\"@id\":\"https:\/\/colombianimals.org\/#website\"},\"primaryImageOfPage\":{\"@id\":\"https:\/\/colombianimals.org\/why-spay-neuter\/#primaryimage\"},\"image\":{\"@id\":\"https:\/\/colombianimals.org\/why-spay-neuter\/#primaryimage\"},\"thumbnailUrl\":\"https:\/\/colombianimals.org\/wp-content\/uploads\/2024\/03\/Fondo-de-Spay-And-Neuter.webp\",\"datePublished\":\"2024-03-06T14:53:34+00:00\",\"dateModified\":\"2024-03-12T15:19:46+00:00\",\"description\":\"Spaying and neutering of pets and stray animals helps to control pet overpopulation. This prevents worldwide euthanasia.\",\"breadcrumb\":{\"@id\":\"https:\/\/colombianimals.org\/why-spay-neuter\/#breadcrumb\"},\"inLanguage\":\"es-CO\",\"potentialAction\":[{\"@type\":\"ReadAction\",\"target\":[\"https:\/\/colombianimals.org\/why-spay-neuter\/\"]}]},{\"@type\":\"ImageObject\",\"inLanguage\":\"es-CO\",\"@id\":\"https:\/\/colombianimals.org\/why-spay-neuter\/#primaryimage\",\"url\":\"https:\/\/colombianimals.org\/wp-content\/uploads\/2024\/03\/Fondo-de-Spay-And-Neuter.webp\",\"contentUrl\":\"https:\/\/colombianimals.org\/wp-content\/uploads\/2024\/03\/Fondo-de-Spay-And-Neuter.webp\"},{\"@type\":\"BreadcrumbList\",\"@id\":\"https:\/\/colombianimals.org\/why-spay-neuter\/#breadcrumb\",\"itemListElement\":[{\"@type\":\"ListItem\",\"position\":1,\"name\":\"Home\",\"item\":\"https:\/\/colombianimals.org\/\"},{\"@type\":\"ListItem\",\"position\":2,\"name\":\"Why Spay\/Neuter?\"}]},{\"@type\":\"WebSite\",\"@id\":\"https:\/\/colombianimals.org\/#website\",\"url\":\"https:\/\/colombianimals.org\/\",\"name\":\"Colombianimals\",\"description\":\"We provide help to animals in need in Latin American nations where resources are scarce.\",\"potentialAction\":[{\"@type\":\"SearchAction\",\"target\":{\"@type\":\"EntryPoint\",\"urlTemplate\":\"https:\/\/colombianimals.org\/?s={search_term_string}\"},\"query-input\":\"required name=search_term_string\"}],\"inLanguage\":\"es-CO\"}]}<\/script>\n<!-- \/ Yoast SEO plugin. -->","yoast_head_json":{"title":"Why Spay\/Neuter? - Colombianimals","description":"Spaying and neutering of pets and stray animals helps to control pet overpopulation. This prevents worldwide euthanasia.","robots":{"index":"index","follow":"follow","max-snippet":"max-snippet:-1","max-image-preview":"max-image-preview:large","max-video-preview":"max-video-preview:-1"},"canonical":"https:\/\/colombianimals.org\/es\/why-spay-neuter\/","og_locale":"es_ES","og_type":"article","og_title":"Why Spay\/Neuter? - Colombianimals","og_description":"Spaying and neutering of pets and stray animals helps to control pet overpopulation. This prevents worldwide euthanasia.","og_url":"https:\/\/colombianimals.org\/es\/why-spay-neuter\/","og_site_name":"Colombianimals","article_modified_time":"2024-03-12T15:19:46+00:00","og_image":[{"url":"https:\/\/colombianimals.org\/wp-content\/uploads\/2024\/03\/Fondo-de-Spay-And-Neuter.webp"}],"twitter_card":"summary_large_image","twitter_misc":{"Tiempo de lectura":"2 minutos"},"schema":{"@context":"https:\/\/schema.org","@graph":[{"@type":"WebPage","@id":"https:\/\/colombianimals.org\/why-spay-neuter\/","url":"https:\/\/colombianimals.org\/why-spay-neuter\/","name":"Why Spay\/Neuter? - Colombianimals","isPartOf":{"@id":"https:\/\/colombianimals.org\/#website"},"primaryImageOfPage":{"@id":"https:\/\/colombianimals.org\/why-spay-neuter\/#primaryimage"},"image":{"@id":"https:\/\/colombianimals.org\/why-spay-neuter\/#primaryimage"},"thumbnailUrl":"https:\/\/colombianimals.org\/wp-content\/uploads\/2024\/03\/Fondo-de-Spay-And-Neuter.webp","datePublished":"2024-03-06T14:53:34+00:00","dateModified":"2024-03-12T15:19:46+00:00","description":"Spaying and neutering of pets and stray animals helps to control pet overpopulation. This prevents worldwide euthanasia.","breadcrumb":{"@id":"https:\/\/colombianimals.org\/why-spay-neuter\/#breadcrumb"},"inLanguage":"es-CO","potentialAction":[{"@type":"ReadAction","target":["https:\/\/colombianimals.org\/why-spay-neuter\/"]}]},{"@type":"ImageObject","inLanguage":"es-CO","@id":"https:\/\/colombianimals.org\/why-spay-neuter\/#primaryimage","url":"https:\/\/colombianimals.org\/wp-content\/uploads\/2024\/03\/Fondo-de-Spay-And-Neuter.webp","contentUrl":"https:\/\/colombianimals.org\/wp-content\/uploads\/2024\/03\/Fondo-de-Spay-And-Neuter.webp"},{"@type":"BreadcrumbList","@id":"https:\/\/colombianimals.org\/why-spay-neuter\/#breadcrumb","itemListElement":[{"@type":"ListItem","position":1,"name":"Home","item":"https:\/\/colombianimals.org\/"},{"@type":"ListItem","position":2,"name":"Why Spay\/Neuter?"}]},{"@type":"WebSite","@id":"https:\/\/colombianimals.org\/#website","url":"https:\/\/colombianimals.org\/","name":"Colombianimals","description":"We provide help to animals in need in Latin American nations where resources are scarce.","potentialAction":[{"@type":"SearchAction","target":{"@type":"EntryPoint","urlTemplate":"https:\/\/colombianimals.org\/?s={search_term_string}"},"query-input":"required name=search_term_string"}],"inLanguage":"es-CO"}]}},"_links":{"self":[{"href":"https:\/\/colombianimals.org\/es\/wp-json\/wp\/v2\/pages\/43"}],"collection":[{"href":"https:\/\/colombianimals.org\/es\/wp-json\/wp\/v2\/pages"}],"about":[{"href":"https:\/\/colombianimals.org\/es\/wp-json\/wp\/v2\/types\/page"}],"author":[{"embeddable":true,"href":"https:\/\/colombianimals.org\/es\/wp-json\/wp\/v2\/users\/1"}],"replies":[{"embeddable":true,"href":"https:\/\/colombianimals.org\/es\/wp-json\/wp\/v2\/comments?post=43"}],"version-history":[{"count":16,"href":"https:\/\/colombianimals.org\/es\/wp-json\/wp\/v2\/pages\/43\/revisions"}],"predecessor-version":[{"id":322,"href":"https:\/\/colombianimals.org\/es\/wp-json\/wp\/v2\/pages\/43\/revisions\/322"}],"wp:attachment":[{"href":"https:\/\/colombianimals.org\/es\/wp-json\/wp\/v2\/media?parent=43"}],"curies":[{"name":"wp","href":"https:\/\/api.w.org\/{rel}","templated":true}]}}